{"id":5841,"date":"2024-01-04T23:38:05","date_gmt":"2024-01-04T22:38:05","guid":{"rendered":"http:\/\/serwer2453809.home.pl\/autoinstalator\/wordpressplugins\/?page_id=5841"},"modified":"2024-01-14T00:39:28","modified_gmt":"2024-01-13T23:39:28","slug":"deklaracja-dostepnosci","status":"publish","type":"page","link":"https:\/\/sp89krakow.pl\/index.php\/deklaracja-dostepnosci\/","title":{"rendered":"Deklaracja dost\u0119pno\u015bci"},"content":{"rendered":"\n<div class=\"wp-block-cover alignfull\" style=\"min-height:301px;aspect-ratio:unset;\"><span aria-hidden=\"true\" class=\"wp-block-cover__background has-background-dim-60 has-background-dim\" style=\"background-color:#3c3ddc\"><\/span><img fetchpriority=\"high\" decoding=\"async\" width=\"1500\" height=\"885\" class=\"wp-block-cover__image-background wp-image-291\" alt=\"\" src=\"http:\/\/serwer2453809.home.pl\/autoinstalator\/wordpressplugins\/wp-content\/uploads\/2023\/04\/img01-1.jpeg\" style=\"object-position:51% 65%\" data-object-fit=\"cover\" data-object-position=\"51% 65%\" srcset=\"https:\/\/sp89krakow.pl\/wp-content\/uploads\/2023\/04\/img01-1.jpeg 1500w, https:\/\/sp89krakow.pl\/wp-content\/uploads\/2023\/04\/img01-1-300x177.jpeg 300w, https:\/\/sp89krakow.pl\/wp-content\/uploads\/2023\/04\/img01-1-1024x604.jpeg 1024w, https:\/\/sp89krakow.pl\/wp-content\/uploads\/2023\/04\/img01-1-768x453.jpeg 768w\" sizes=\"(max-width: 1500px) 100vw, 1500px\" \/><div class=\"wp-block-cover__inner-container is-layout-flow wp-block-cover-is-layout-flow\"><h2 class=\"has-text-align-center wp-block-post-title has-text-color has-background-color has-huge-font-size has-poppins-font-family\">Deklaracja dost\u0119pno\u015bci<\/h2><\/div><\/div>\n\n\n\n<div class=\"wp-block-group alignwide has-background is-layout-constrained wp-block-group-is-layout-constrained\" style=\"background-color:#f9f9fb;margin-top:0;margin-bottom:0;padding-top:var(--wp--preset--spacing--80);padding-bottom:var(--wp--preset--spacing--80)\">\n<div class=\"wp-block-columns alignwide has-link-color wp-elements-ff3647ec7b5706bf0f8ea90b24ac0375 is-layout-flex wp-container-core-columns-is-layout-28f84493 wp-block-columns-is-layout-flex\">\n<div class=\"wp-block-column is-vertically-aligned-center is-layout-flow wp-block-column-is-layout-flow\">\n<p class=\"has-poppins-font-family has-small-font-size\">Szko\u0142a Podstawowa nr 89 im. Kornela Makuszy\u0144skiego w Krakowie zobowi\u0105zuje si\u0119 zapewni\u0107 dost\u0119pno\u015b\u0107 strony w<a href=\"http:\/\/ww.sp89krakow.pl\">ww.sp89krakow.pl <\/a>zgodnie z ustaw\u0105 z dnia 4 kwietnia 2019 r. o dost\u0119pno\u015bci cyfrowej stron internetowych i aplikacji mobilnych podmiot\u00f3w publicznych.<\/p>\n\n\n\n<p class=\"has-poppins-font-family has-small-font-size\">Niniejsze o\u015bwiadczenie w sprawie dost\u0119pno\u015bci ma zastosowanie do <a href=\"http:\/\/ww.sp89krakow.pl\">www.sp89krakow.pl<\/a><\/p>\n\n\n\n<p class=\"has-poppins-font-family has-small-font-size\">Data publikacji strony internetowej: 19.12.2012 r.<\/p>\n\n\n\n<p class=\"has-poppins-font-family has-small-font-size\">Data ostatniej aktualizacji: 13.01.2024 r.<\/p>\n\n\n\n<p class=\"has-poppins-font-family has-small-font-size\"><br><strong>Status pod wzgl\u0119dem zgodno\u015bci z ustaw\u0105<\/strong><\/p>\n\n\n\n<p class=\"has-poppins-font-family has-small-font-size\">Strona internetowa jest cz\u0119\u015bciowo zgodna z ustaw\u0105 z dnia 4 kwietnia 2019 r. o dost\u0119pno\u015bci cyfrowej stron internetowych i aplikacji mobilnych podmiot\u00f3w publicznych z powodu niezgodno\u015bci lub wy\u0142\u0105cze\u0144 wymienionych poni\u017cej.<br><\/p>\n\n\n\n<ul class=\"wp-block-list\">\n<li class=\"has-poppins-font-family has-normal-font-size\">&#8211; multimedia opublikowane przed dniem 13 stycznia 2024 r<\/li>\n\n\n\n<li class=\"has-poppins-font-family has-normal-font-size\">&#8211; dokumenty tekstowe i tekstowo-graficzne, dokumenty utworzone w programach przeznaczonych do tworzenia prezentacji lub arkuszy kalkulacyjnych, opublikowane przed dniem 13 stycznia 2024 r<\/li>\n\n\n\n<li class=\"has-poppins-font-family has-normal-font-size\">&#8211; poprawienie dost\u0119pno\u015bci strony nios\u0142oby za sob\u0105 nadmierne obci\u0105\u017cenia dla podmiotu publicznego<\/li>\n\n\n\n<li class=\"has-poppins-font-family has-normal-font-size\">&#8211; zdj\u0119cia nie posiadaj\u0105 opisu alternatywnego, maj\u0105 one charakter promocyjny i nie s\u0105 wykorzystywane do realizacji bie\u017c\u0105cych zada\u0144.<\/li>\n<\/ul>\n\n\n\n<p class=\"has-poppins-font-family has-small-font-size\"><strong>Data sporz\u0105dzenia Deklaracji i metoda oceny dost\u0119pno\u015bci cyfrowej<\/strong><\/p>\n\n\n\n<p class=\"has-poppins-font-family has-small-font-size\">Niniejsze o\u015bwiadczenie sporz\u0105dzono dnia 8 marca 2023 r. Deklaracj\u0119 sporz\u0105dzono na podstawie samooceny przeprowadzonej przez podmiot publiczny.<\/p>\n\n\n\n<p class=\"has-poppins-font-family has-small-font-size\"><strong>Skr\u00f3ty klawiaturowe<\/strong><\/p>\n\n\n\n<p class=\"has-poppins-font-family has-small-font-size\">Na stronach <a href=\"http:\/\/ww.sp89krakow.pl\">www.sp89krakow.pl<\/a> mo\u017cna u\u017cywa\u0107 standardowych skr\u00f3t\u00f3w klawiaturowych przegl\u0105darki.<strong><br><br>Informacje zwrotne i dane kontaktowe<\/strong><\/p>\n\n\n\n<p class=\"has-poppins-font-family has-small-font-size\">W przypadku problem\u00f3w z dost\u0119pno\u015bci\u0105 strony internetowej prosimy o kontakt. Osob\u0105 kontaktow\u0105 jest Anna Ujejska, mail:<br>aujejska@sp89krakow.pl T\u0105 sam\u0105 drog\u0105 mo\u017cna sk\u0142ada\u0107 wnioski o udost\u0119pnienie informacji niedost\u0119pnej cyfrowo oraz sk\u0142ada\u0107 \u017c\u0105dania zapewnienia dost\u0119pno\u015bci cyfrowej.<br><\/p>\n\n\n\n<p class=\"has-poppins-font-family has-small-font-size\"><strong>Informacje na temat procedury<\/strong><\/p>\n\n\n\n<p class=\"has-poppins-font-family has-small-font-size\">Ka\u017cdy ma prawo do wyst\u0105pienia z \u017c\u0105daniem zapewnienia dost\u0119pno\u015bci cyfrowej strony internetowej lub jakiego\u015b jej elementu. Mo\u017cna tak\u017ce za\u017c\u0105da\u0107 udost\u0119pnienia informacji za pomoc\u0105 alternatywnego sposobu dost\u0119pu, na przyk\u0142ad przez odczytanie niedost\u0119pnego cyfrowo dokumentu, opisanie zawarto\u015bci filmu bez audiodeskrypcji itp. \u017b\u0105danie powinno zawiera\u0107 dane osoby zg\u0142aszaj\u0105cej \u017c\u0105danie, wskazanie, o kt\u00f3r\u0105 stron\u0119 internetow\u0105 chodzi oraz spos\u00f3b kontaktu. Je\u017celi osoba \u017c\u0105daj\u0105ca zg\u0142asza potrzeb\u0119 otrzymania informacji za pomoc\u0105 alternatywnego sposobu dost\u0119pu, powinna tak\u017ce okre\u015bli\u0107 dogodny dla niej spos\u00f3b przedstawienia tej informacji. Podmiot publiczny powinien zrealizowa\u0107 \u017c\u0105danie niezw\u0142ocznie, nie p\u00f3\u017aniej ni\u017c w ci\u0105gu 7 dni od dnia wyst\u0105pienia z \u017c\u0105daniem. Je\u017celi dotrzymanie tego terminu nie jest mo\u017cliwe, podmiot publiczny niezw\u0142ocznie informuje o tym wnosz\u0105cego \u017c\u0105danie, kiedy realizacja \u017c\u0105dania b\u0119dzie mo\u017cliwa, przy czym termin ten nie mo\u017ce by\u0107 d\u0142u\u017cszy ni\u017c 2 miesi\u0105ce od dnia wyst\u0105pienia z \u017c\u0105daniem. Je\u017celi zapewnienie dost\u0119pno\u015bci cyfrowej nie jest mo\u017cliwe, podmiot publiczny mo\u017ce zaproponowa\u0107 alternatywny spos\u00f3b dost\u0119pu do informacji. W przypadku, gdy podmiot publiczny odm\u00f3wi realizacji \u017c\u0105dania zapewnienia dost\u0119pno\u015bci lub alternatywnego sposobu dost\u0119pu do informacji, wnosz\u0105cy \u017c\u0105danie mo\u017cne z\u0142o\u017cy\u0107 skarg\u0119 w sprawie zapewniana dost\u0119pno\u015bci cyfrowej strony internetowej lub jej elementu.<\/p>\n\n\n\n<p class=\"has-poppins-font-family has-small-font-size\">Po wyczerpaniu wskazanej wy\u017cej procedury mo\u017cna tak\u017ce z\u0142o\u017cy\u0107 wniosek do Rzecznika Praw Obywatelskich <a href=\"https:\/\/www.rpo.gov.pl\/pl\" target=\"_blank\" rel=\"noreferrer noopener\">www.rpo.gov.pl<\/a><br><\/p>\n\n\n\n<p class=\"has-poppins-font-family has-small-font-size\"><strong>Dost\u0119pno\u015b\u0107 architektoniczna<\/strong><\/p>\n\n\n\n<p class=\"has-poppins-font-family has-small-font-size\">Szko\u0142a nie jest przystosowana dla os\u00f3b niepe\u0142nosprawnych. Budynek nie posiada podjazdu, wind, ani toalet dostosowanych na potrzeby os\u00f3b niepe\u0142nosprawnych.<\/p>\n\n\n\n<p class=\"has-poppins-font-family has-small-font-size\">Do budynku i wszystkich jego pomieszcze\u0144 mo\u017cna wej\u015b\u0107 z psem asystuj\u0105cym i psem przewodnikiem.<\/p>\n\n\n\n<p class=\"has-poppins-font-family has-small-font-size\">W budynku nie ma oznacze\u0144 w alfabecie brajla ani oznacze\u0144 kontrastowych lub w druku powi\u0119kszonym dla os\u00f3b niewidomych i s\u0142abowidz\u0105cych, nie mo\u017cna skorzysta\u0107 z t\u0142umacza j\u0119zyka migowego.<\/p>\n<\/div>\n<\/div>\n<\/div>\n\n\n\n<div class=\"wp-block-group alignfull has-dark-blue-background-color has-background is-layout-constrained wp-block-group-is-layout-constrained\" style=\"margin-top:0;margin-bottom:0\">\n<div class=\"wp-block-group alignwide news-box is-layout-constrained wp-block-group-is-layout-constrained\" style=\"border-radius:10px\">\n<div class=\"wp-block-cover alignwide\" style=\"min-height:222px;aspect-ratio:unset;\"><span aria-hidden=\"true\" class=\"wp-block-cover__background has-dark-blue-background-color has-background-dim-100 has-background-dim\"><\/span><div class=\"wp-block-cover__inner-container is-layout-flow wp-block-cover-is-layout-flow\">\n<div class=\"wp-block-group alignfull is-content-justification-space-between is-nowrap is-layout-flex wp-container-core-group-is-layout-4d6718bc wp-block-group-is-layout-flex\">\n<div class=\"wp-block-group has-news-image hide-on-mobile is-layout-constrained wp-block-group-is-layout-constrained\">\n<figure class=\"wp-block-image size-full\"><img decoding=\"async\" width=\"176\" height=\"193\" src=\"http:\/\/serwer2453809.home.pl\/autoinstalator\/wordpressplugins\/wp-content\/uploads\/2023\/04\/img05.png\" alt=\"\" class=\"wp-image-49\"\/><\/figure>\n<\/div>\n\n\n\n<div class=\"wp-block-group has-news-image2 hide-on-mobile is-layout-constrained wp-block-group-is-layout-constrained\">\n<figure class=\"wp-block-image size-full\"><img decoding=\"async\" width=\"156\" height=\"156\" src=\"http:\/\/serwer2453809.home.pl\/autoinstalator\/wordpressplugins\/wp-content\/uploads\/2023\/04\/img03-1.png\" alt=\"\" class=\"wp-image-589\" srcset=\"https:\/\/sp89krakow.pl\/wp-content\/uploads\/2023\/04\/img03-1.png 156w, https:\/\/sp89krakow.pl\/wp-content\/uploads\/2023\/04\/img03-1-150x150.png 150w\" sizes=\"(max-width: 156px) 100vw, 156px\" \/><\/figure>\n<\/div>\n<\/div>\n<\/div><\/div>\n<\/div>\n<\/div>\n","protected":false},"excerpt":{"rendered":"<p>Szko\u0142a Podstawowa nr 89 im. Kornela Makuszy\u0144skiego w Krakowie zobowi\u0105zuje si\u0119 zapewni\u0107 dost\u0119pno\u015b\u0107 strony www.sp89krakow.pl zgodnie z ustaw\u0105 z dnia 4 kwietnia 2019 r. o dost\u0119pno\u015bci cyfrowej stron internetowych i aplikacji mobilnych podmiot\u00f3w publicznych. Niniejsze o\u015bwiadczenie w sprawie dost\u0119pno\u015bci ma zastosowanie do&#8230;<\/p>\n","protected":false},"author":3,"featured_media":0,"parent":0,"menu_order":0,"comment_status":"closed","ping_status":"closed","template":"full-width.php","meta":{"footnotes":""},"class_list":["post-5841","page","type-page","status-publish","hentry"],"yoast_head":"<!-- This site is optimized with the Yoast SEO plugin v22.1 - https:\/\/yoast.com\/wordpress\/plugins\/seo\/ -->\n<title>Deklaracja dost\u0119pno\u015bci - SP89 w Krakowie<\/title>\n<meta name=\"robots\" content=\"index, follow, max-snippet:-1, max-image-preview:large, max-video-preview:-1\" \/>\n<link rel=\"canonical\" href=\"https:\/\/sp89krakow.pl\/index.php\/deklaracja-dostepnosci\/\" \/>\n<meta property=\"og:locale\" content=\"pl_PL\" \/>\n<meta property=\"og:type\" content=\"article\" \/>\n<meta property=\"og:title\" content=\"Deklaracja dost\u0119pno\u015bci - SP89 w Krakowie\" \/>\n<meta property=\"og:description\" content=\"Szko\u0142a Podstawowa nr 89 im. Kornela Makuszy\u0144skiego w Krakowie zobowi\u0105zuje si\u0119 zapewni\u0107 dost\u0119pno\u015b\u0107 strony www.sp89krakow.pl zgodnie z ustaw\u0105 z dnia 4 kwietnia 2019 r. o dost\u0119pno\u015bci cyfrowej stron internetowych i aplikacji mobilnych podmiot\u00f3w publicznych. Niniejsze o\u015bwiadczenie w sprawie dost\u0119pno\u015bci ma zastosowanie do...\" \/>\n<meta property=\"og:url\" content=\"https:\/\/sp89krakow.pl\/index.php\/deklaracja-dostepnosci\/\" \/>\n<meta property=\"og:site_name\" content=\"SP89 w Krakowie\" \/>\n<meta property=\"article:publisher\" content=\"https:\/\/www.facebook.com\/sp89krakow\" \/>\n<meta property=\"article:modified_time\" content=\"2024-01-13T23:39:28+00:00\" \/>\n<meta property=\"og:image\" content=\"http:\/\/serwer2453809.home.pl\/autoinstalator\/wordpressplugins\/wp-content\/uploads\/2023\/04\/img01-1.jpeg\" \/>\n<meta name=\"twitter:card\" content=\"summary_large_image\" \/>\n<meta name=\"twitter:label1\" content=\"Szacowany czas czytania\" \/>\n\t<meta name=\"twitter:data1\" content=\"4 minuty\" \/>\n<script type=\"application\/ld+json\" class=\"yoast-schema-graph\">{\"@context\":\"https:\/\/schema.org\",\"@graph\":[{\"@type\":\"WebPage\",\"@id\":\"https:\/\/sp89krakow.pl\/index.php\/deklaracja-dostepnosci\/\",\"url\":\"https:\/\/sp89krakow.pl\/index.php\/deklaracja-dostepnosci\/\",\"name\":\"Deklaracja dost\u0119pno\u015bci - SP89 w Krakowie\",\"isPartOf\":{\"@id\":\"https:\/\/sp89krakow.pl\/#website\"},\"datePublished\":\"2024-01-04T22:38:05+00:00\",\"dateModified\":\"2024-01-13T23:39:28+00:00\",\"breadcrumb\":{\"@id\":\"https:\/\/sp89krakow.pl\/index.php\/deklaracja-dostepnosci\/#breadcrumb\"},\"inLanguage\":\"pl-PL\",\"potentialAction\":[{\"@type\":\"ReadAction\",\"target\":[\"https:\/\/sp89krakow.pl\/index.php\/deklaracja-dostepnosci\/\"]}]},{\"@type\":\"BreadcrumbList\",\"@id\":\"https:\/\/sp89krakow.pl\/index.php\/deklaracja-dostepnosci\/#breadcrumb\",\"itemListElement\":[{\"@type\":\"ListItem\",\"position\":1,\"name\":\"Home\",\"item\":\"https:\/\/sp89krakow.pl\/\"},{\"@type\":\"ListItem\",\"position\":2,\"name\":\"Deklaracja dost\u0119pno\u015bci\"}]},{\"@type\":\"WebSite\",\"@id\":\"https:\/\/sp89krakow.pl\/#website\",\"url\":\"https:\/\/sp89krakow.pl\/\",\"name\":\"SP89 w Krakowie\",\"description\":\"\",\"publisher\":{\"@id\":\"https:\/\/sp89krakow.pl\/#organization\"},\"potentialAction\":[{\"@type\":\"SearchAction\",\"target\":{\"@type\":\"EntryPoint\",\"urlTemplate\":\"https:\/\/sp89krakow.pl\/?s={search_term_string}\"},\"query-input\":\"required name=search_term_string\"}],\"inLanguage\":\"pl-PL\"},{\"@type\":\"Organization\",\"@id\":\"https:\/\/sp89krakow.pl\/#organization\",\"name\":\"SP89 w Krakowie\",\"url\":\"https:\/\/sp89krakow.pl\/\",\"logo\":{\"@type\":\"ImageObject\",\"inLanguage\":\"pl-PL\",\"@id\":\"https:\/\/sp89krakow.pl\/#\/schema\/logo\/image\/\",\"url\":\"https:\/\/sp89krakow.pl\/wp-content\/uploads\/2024\/01\/godlo_logo-SP89_150-1.png\",\"contentUrl\":\"https:\/\/sp89krakow.pl\/wp-content\/uploads\/2024\/01\/godlo_logo-SP89_150-1.png\",\"width\":179,\"height\":80,\"caption\":\"SP89 w Krakowie\"},\"image\":{\"@id\":\"https:\/\/sp89krakow.pl\/#\/schema\/logo\/image\/\"},\"sameAs\":[\"https:\/\/www.facebook.com\/sp89krakow\"]}]}<\/script>\n<!-- \/ Yoast SEO plugin. -->","yoast_head_json":{"title":"Deklaracja dost\u0119pno\u015bci - SP89 w Krakowie","robots":{"index":"index","follow":"follow","max-snippet":"max-snippet:-1","max-image-preview":"max-image-preview:large","max-video-preview":"max-video-preview:-1"},"canonical":"https:\/\/sp89krakow.pl\/index.php\/deklaracja-dostepnosci\/","og_locale":"pl_PL","og_type":"article","og_title":"Deklaracja dost\u0119pno\u015bci - SP89 w Krakowie","og_description":"Szko\u0142a Podstawowa nr 89 im. Kornela Makuszy\u0144skiego w Krakowie zobowi\u0105zuje si\u0119 zapewni\u0107 dost\u0119pno\u015b\u0107 strony www.sp89krakow.pl zgodnie z ustaw\u0105 z dnia 4 kwietnia 2019 r. o dost\u0119pno\u015bci cyfrowej stron internetowych i aplikacji mobilnych podmiot\u00f3w publicznych. Niniejsze o\u015bwiadczenie w sprawie dost\u0119pno\u015bci ma zastosowanie do...","og_url":"https:\/\/sp89krakow.pl\/index.php\/deklaracja-dostepnosci\/","og_site_name":"SP89 w Krakowie","article_publisher":"https:\/\/www.facebook.com\/sp89krakow","article_modified_time":"2024-01-13T23:39:28+00:00","og_image":[{"url":"http:\/\/serwer2453809.home.pl\/autoinstalator\/wordpressplugins\/wp-content\/uploads\/2023\/04\/img01-1.jpeg"}],"twitter_card":"summary_large_image","twitter_misc":{"Szacowany czas czytania":"4 minuty"},"schema":{"@context":"https:\/\/schema.org","@graph":[{"@type":"WebPage","@id":"https:\/\/sp89krakow.pl\/index.php\/deklaracja-dostepnosci\/","url":"https:\/\/sp89krakow.pl\/index.php\/deklaracja-dostepnosci\/","name":"Deklaracja dost\u0119pno\u015bci - SP89 w Krakowie","isPartOf":{"@id":"https:\/\/sp89krakow.pl\/#website"},"datePublished":"2024-01-04T22:38:05+00:00","dateModified":"2024-01-13T23:39:28+00:00","breadcrumb":{"@id":"https:\/\/sp89krakow.pl\/index.php\/deklaracja-dostepnosci\/#breadcrumb"},"inLanguage":"pl-PL","potentialAction":[{"@type":"ReadAction","target":["https:\/\/sp89krakow.pl\/index.php\/deklaracja-dostepnosci\/"]}]},{"@type":"BreadcrumbList","@id":"https:\/\/sp89krakow.pl\/index.php\/deklaracja-dostepnosci\/#breadcrumb","itemListElement":[{"@type":"ListItem","position":1,"name":"Home","item":"https:\/\/sp89krakow.pl\/"},{"@type":"ListItem","position":2,"name":"Deklaracja dost\u0119pno\u015bci"}]},{"@type":"WebSite","@id":"https:\/\/sp89krakow.pl\/#website","url":"https:\/\/sp89krakow.pl\/","name":"SP89 w Krakowie","description":"","publisher":{"@id":"https:\/\/sp89krakow.pl\/#organization"},"potentialAction":[{"@type":"SearchAction","target":{"@type":"EntryPoint","urlTemplate":"https:\/\/sp89krakow.pl\/?s={search_term_string}"},"query-input":"required name=search_term_string"}],"inLanguage":"pl-PL"},{"@type":"Organization","@id":"https:\/\/sp89krakow.pl\/#organization","name":"SP89 w Krakowie","url":"https:\/\/sp89krakow.pl\/","logo":{"@type":"ImageObject","inLanguage":"pl-PL","@id":"https:\/\/sp89krakow.pl\/#\/schema\/logo\/image\/","url":"https:\/\/sp89krakow.pl\/wp-content\/uploads\/2024\/01\/godlo_logo-SP89_150-1.png","contentUrl":"https:\/\/sp89krakow.pl\/wp-content\/uploads\/2024\/01\/godlo_logo-SP89_150-1.png","width":179,"height":80,"caption":"SP89 w Krakowie"},"image":{"@id":"https:\/\/sp89krakow.pl\/#\/schema\/logo\/image\/"},"sameAs":["https:\/\/www.facebook.com\/sp89krakow"]}]}},"_links":{"self":[{"href":"https:\/\/sp89krakow.pl\/index.php\/wp-json\/wp\/v2\/pages\/5841","targetHints":{"allow":["GET"]}}],"collection":[{"href":"https:\/\/sp89krakow.pl\/index.php\/wp-json\/wp\/v2\/pages"}],"about":[{"href":"https:\/\/sp89krakow.pl\/index.php\/wp-json\/wp\/v2\/types\/page"}],"author":[{"embeddable":true,"href":"https:\/\/sp89krakow.pl\/index.php\/wp-json\/wp\/v2\/users\/3"}],"replies":[{"embeddable":true,"href":"https:\/\/sp89krakow.pl\/index.php\/wp-json\/wp\/v2\/comments?post=5841"}],"version-history":[{"count":10,"href":"https:\/\/sp89krakow.pl\/index.php\/wp-json\/wp\/v2\/pages\/5841\/revisions"}],"predecessor-version":[{"id":6841,"href":"https:\/\/sp89krakow.pl\/index.php\/wp-json\/wp\/v2\/pages\/5841\/revisions\/6841"}],"wp:attachment":[{"href":"https:\/\/sp89krakow.pl\/index.php\/wp-json\/wp\/v2\/media?parent=5841"}],"curies":[{"name":"wp","href":"https:\/\/api.w.org\/{rel}","templated":true}]}}